{"id":5,"date":"2020-12-22T03:44:34","date_gmt":"2020-12-22T03:44:34","guid":{"rendered":"http:\/\/canoe.moxiworks.com\/northernchoicerealty\/fr-ca\/office-group-homepage"},"modified":"2021-03-05T01:57:16","modified_gmt":"2021-03-05T06:57:16","slug":"office-group-homepage","status":"publish","type":"page","link":"https:\/\/northernchoicerealty.com\/fr-ca\/office-group-homepage","title":{"rendered":"ACCUEIL"},"content":{"rendered":"\n\n\t<p>Notre mission:<\/p>\n<h2>\n\t\tviser l&#8217;or en offrant le meilleur service du secteur immobilier canadien\n\t<\/h2>\n\t<p>Notre site Web est un guichet unique pour vos recherches de propri\u00e9t\u00e9s en ligne. Notre but premier est d&#8217;assurer votre succ\u00e8s, que vous soyez client ou courtier immobilier.<\/p>\n<p>Proposant une port\u00e9e mondiale et une expertise locale, nous sommes d\u00e9termin\u00e9s \u00e0 offrir une exp\u00e9rience extraordinaire. Nous visons l&#8217;or en offrant le meilleur service du secteur immobilier canadien.<\/p>\n<h2>\n\t\tPropri\u00e9t\u00e9s en vedette\n\t<\/h2>\n\t\t\t<a href=\"\/fr-ca\/search\" target=\"_self\" role=\"button\" rel=\"noopener noreferrer\">\n\t\t\t\t\t\t\tVoir plus de propri\u00e9t\u00e9s\n\t\t\t\t\t<\/a>\n\t<p>Notre mission:<\/p>\n<h2>\n\t\tviser l&#8217;or en offrant le meilleur service du secteur immobilier canadien\n\t<\/h2>\n\t<p>Notre site Web est un guichet unique pour vos recherches de propri\u00e9t\u00e9s en ligne. Notre but premier est d&#8217;assurer votre succ\u00e8s, que vous soyez client ou courtier immobilier.<\/p>\n<p>Proposant une port\u00e9e mondiale et une expertise locale, nous sommes d\u00e9termin\u00e9s \u00e0 offrir une exp\u00e9rience extraordinaire. Nous visons l&#8217;or en offrant le meilleur service du secteur immobilier canadien.<\/p>\n<h2>\n\t\tPropri\u00e9t\u00e9s en vedette\n\t<\/h2>\n\t\t\t<a href=\"\/fr-ca\/search\" target=\"_self\" role=\"button\" rel=\"noopener noreferrer\">\n\t\t\t\t\t\t\tVoir plus de propri\u00e9t\u00e9s\n\t\t\t\t\t<\/a>\n<h2>\n\t\tJoignez-vous \u00e0 notre \u00e9quipe\n\t<\/h2>\n\t<p>Nous sommes d\u00e9termin\u00e9s \u00e0 aider nos courtiers immobiliers \u00e0 attirer plus de clients potentiels, \u00e0 signer plus d&#8217;inscriptions et \u00e0 fid\u00e9liser leur client\u00e8le. D\u00e9couvrez pourquoi vous devriez choisir C21.<\/p>\n\t\t\t<a href=\"\/fr-ca\/contact-us\" target=\"_self\" role=\"button\" rel=\"noopener noreferrer\">\n\t\t\t\t\t\t\tEN SAVOIR PLUS\n\t\t\t\t\t<\/a>\n\t\t\t\t<img decoding=\"async\" src=\"\/\/century21.agent.hub21.ca\/files\/2020\/11\/Glasses.jpg\" alt=\"Century 21 woman with Glasses\" itemprop=\"image\" title=\"Century 21 woman with Glasses\" onerror=\"this.style.display='none'\"  \/>\n\t\t\t\t<img decoding=\"async\" src=\"\/\/templates.c21canada.moxiworks.net\/files\/2020\/11\/Mask-Group-1.png\" alt=\"Neighborhood News\" itemprop=\"image\" title=\"Neighborhood News\" onerror=\"this.style.display='none'\"  \/>\n<h2>\n\t\tNouvelles du quartier\n\t<\/h2>\n\t<p>Vous voulez en savoir plus sur un quartier en particulier? Remplissez le formulaire pour d\u00e9marrer.<\/p>\n\t\t\t<a href=\"\/fr-ca\/neighborhood-news\" target=\"_self\" role=\"button\" rel=\"noopener noreferrer\">\n\t\t\t\t\t\t\tCOMMENCER\n\t\t\t\t\t<\/a>\n<h2>\n\t\t\u00c9valuation de propri\u00e9t\u00e9\n\t<\/h2>\n\t<p>Vous songez \u00e0 vendre? Demandez une \u00e9valuation de propri\u00e9t\u00e9 gratuite d\u00e8s aujourd&#8217;hui.<\/p>\n\t\t\t<a href=\"\/fr-ca\/free-home-valuation\" target=\"_self\" role=\"button\" rel=\"noopener noreferrer\">\n\t\t\t\t\t\t\tCOMMENCER\n\t\t\t\t\t<\/a>\n\t\t\t\t<img decoding=\"async\" src=\"\/\/century21.agent.hub21.ca\/files\/2020\/11\/Branded-background.png\" alt=\"Branded Century 21 Couple embracing in home\" itemprop=\"image\" title=\"Branded Century 21 Couple embracing in home\" onerror=\"this.style.display='none'\"  \/>\n<h2>\n\t\tSERVICES POUR LES VENDEURS\n\t<\/h2>\n\t<p>Nous vous expliquerons les facteurs du march\u00e9 qui pourraient influer sur le prix, la pr\u00e9paration et la promotion de votre propri\u00e9t\u00e9, afin que vous puissiez prendre une d\u00e9cision \u00e9clair\u00e9e en fonction de vos besoins. Nous vous pr\u00e9senterons un plan de marketing personnalis\u00e9 et utiliserons des outils technologiques de pointe pour exposer votre propri\u00e9t\u00e9 \u00e0 un maximum d&#8217;acheteurs potentiels \u00e0 l&#8217;\u00e9chelle locale et internationale afin que vous obteniez le meilleur prix pour votre bien immobilier. Profitez de la notori\u00e9t\u00e9 mondiale de CENTURY 21<sup>MD<\/sup>\u00a0l&#8217;une des marques immobili\u00e8res les plus renomm\u00e9es, et de l&#8217;expertise locale de nos courtiers, pour assurer la r\u00e9ussite de votre transaction immobili\u00e8re.<\/p>\n\t\t\t<a href=\"\/fr-ca\/directory\" target=\"_self\" role=\"button\" rel=\"noopener noreferrer\">\n\t\t\t\t\t\t\tTrouver un courtier\n\t\t\t\t\t<\/a>\n<h2>\n\t\tSERVICES POUR LES ACHETEURS\n\t<\/h2>\n\t<p>Si vous \u00eates acheteur, nous pouvons vous aider \u00e0 optimiser vos recherches en tenant compte des facteurs que vous n&#8217;auriez pas forc\u00e9ment consid\u00e9r\u00e9s, que ce soit l&#8217;acc\u00e8s aux \u00e9coles, le style de vie recherch\u00e9 ou le retour sur investissement estim\u00e9. \u00c0 l&#8217;aide de nos outils de recherche, vous pourrez trouver une propri\u00e9t\u00e9 qui correspond parfaitement \u00e0 vos besoins. En plus de nous occuper de tous les d\u00e9tails, nous mettrons \u00e0 profit nos connaissances du march\u00e9 local, notre expertise immobili\u00e8re et nos comp\u00e9tences pour vous aider \u00e0 n\u00e9gocier le meilleur prix.<\/p>\n\t\t\t<a href=\"\/fr-ca\/search\" target=\"_self\" role=\"button\" rel=\"noopener noreferrer\">\n\t\t\t\t\t\t\tTrouvez une propri\u00e9t\u00e9\n\t\t\t\t\t<\/a>\n\t\t\t\t<img decoding=\"async\" src=\"\/\/templates.c21canada.moxiworks.net\/files\/2021\/02\/House_YardSign_FR-scaled.jpg\" alt=\"House_YardSign_FR\" itemprop=\"image\" title=\"House_YardSign_FR\" onerror=\"this.style.display='none'\"  \/>\n\n","protected":false},"excerpt":{"rendered":"<p>Notre mission: viser l&#8217;or en offrant le meilleur service du secteur immobilier canadien Notre site Web est un guichet unique pour vos recherches de propri\u00e9t\u00e9s en ligne. Notre but premier est d&#8217;assurer votre succ\u00e8s, que vous soyez client ou courtier immobilier. Proposant une port\u00e9e mondiale et une expertise locale, nous sommes d\u00e9termin\u00e9s \u00e0 offrir une [&hellip;]<\/p>\n","protected":false},"author":2,"featured_media":1766,"parent":0,"menu_order":0,"comment_status":"closed","ping_status":"closed","template":"","meta":{"footnotes":""},"class_list":["post-5","page","type-page","status-publish","has-post-thumbnail","hentry"],"_links":{"self":[{"href":"https:\/\/northernchoicerealty.com\/fr-ca\/wp-json\/wp\/v2\/pages\/5","targetHints":{"allow":["GET"]}}],"collection":[{"href":"https:\/\/northernchoicerealty.com\/fr-ca\/wp-json\/wp\/v2\/pages"}],"about":[{"href":"https:\/\/northernchoicerealty.com\/fr-ca\/wp-json\/wp\/v2\/types\/page"}],"author":[{"embeddable":true,"href":"https:\/\/northernchoicerealty.com\/fr-ca\/wp-json\/wp\/v2\/users\/2"}],"replies":[{"embeddable":true,"href":"https:\/\/northernchoicerealty.com\/fr-ca\/wp-json\/wp\/v2\/comments?post=5"}],"version-history":[{"count":3,"href":"https:\/\/northernchoicerealty.com\/fr-ca\/wp-json\/wp\/v2\/pages\/5\/revisions"}],"predecessor-version":[{"id":49,"href":"https:\/\/northernchoicerealty.com\/fr-ca\/wp-json\/wp\/v2\/pages\/5\/revisions\/49"}],"wp:featuredmedia":[{"embeddable":true,"href":"https:\/\/northernchoicerealty.com\/fr-ca\/wp-json\/"}],"wp:attachment":[{"href":"https:\/\/northernchoicerealty.com\/fr-ca\/wp-json\/wp\/v2\/media?parent=5"}],"curies":[{"name":"wp","href":"https:\/\/api.w.org\/{rel}","templated":true}]}}